{"id":1112,"date":"2018-08-01T09:06:46","date_gmt":"2018-08-01T07:06:46","guid":{"rendered":"https:\/\/www.sileane.com\/?page_id=1112"},"modified":"2026-01-22T16:10:18","modified_gmt":"2026-01-22T15:10:18","slug":"a-propos-de-sileane","status":"publish","type":"page","link":"https:\/\/www.sileane.com\/de\/a-propos-de-sileane\/","title":{"rendered":"Alles \u00fcber die Sil\u00e9ane-Gruppe"},"content":{"rendered":"<h2><strong>Sil\u00e9ane<\/strong><\/h2>\n<p><img loading=\"lazy\" decoding=\"async\" class=\"alignnone wp-image-945 \" src=\"https:\/\/www.sileane.com\/wp-content\/uploads\/2018\/12\/batiment-sileane-e1544260978423-338x144.png\" alt=\"\" width=\"1198\" height=\"511\" srcset=\"https:\/\/www.sileane.com\/wp-content\/uploads\/2018\/12\/batiment-sileane-e1544260978423-338x144.png 338w, https:\/\/www.sileane.com\/wp-content\/uploads\/2018\/12\/batiment-sileane-e1544260978423-768x328.png 768w, https:\/\/www.sileane.com\/wp-content\/uploads\/2018\/12\/batiment-sileane-e1544260978423-1280x547.png 1280w, https:\/\/www.sileane.com\/wp-content\/uploads\/2018\/12\/batiment-sileane-e1544260978423.png 1920w\" sizes=\"auto, (max-width: 1198px) 100vw, 1198px\" \/><\/p>\n<p>Die Frauen und M\u00e4nner bei Sil\u00e9ane verleihen \u201ejungfr\u00e4ulichen\u201c Roboterarmen im Dienst der Kunden seit 2002 Augen und H\u00e4nde und statten sie mit analytischen Fertigkeiten f\u00fcr unterschiedlichste industrielle Anwendungen aus (Lebensmittelverarbeitung, pharmazeutische Industrie, Home &amp; Personal Care, Umwelttechnik, Kunststoffverarbeitung, Mikrotechnologie, Automobilindustrie usw.).<\/p>\n<p>Handhaben, verpacken, montieren&#8230; Abfall trennen, f\u00fcr die Wiederverwertung auseinanderbauen, Sch\u00fcttgutsortierung verschiedenster Objekte&#8230; dies sind einige der Aktivit\u00e4ten, in denen unsere Technologien dabei helfen, Gesten in zuf\u00e4lligen und unbekannten Zusammenh\u00e4ngen effektiv zu automatisieren.<\/p>\n<p>Unsere Teams suchen mit Leidenschaft in den unterschiedlichsten Bereichen (Maschinenbau, Mechatronik, Robotik, Mensch-Roboter-Kollaboration, Optik, k\u00fcnstliche Intelligenz usw.) nach innovativen L\u00f6sungen. Die Roboter von Sil\u00e9ane analysieren ihre Umgebung und passen ihre Gesten in Echtzeit entsprechend an, um sorgf\u00e4ltig, pr\u00e4zise, feinf\u00fchlig und schnell zu agieren. Und genau das unterscheidet sie von anderen Robotern!<\/p>\n<p>An der Schnittstelle zwischen Digitaltechnik, Optik und Automatisierung setzen die Aktivit\u00e4ten und F&amp;E bei Sil\u00e9ane in Industriesektoren anregende Impulse, wie man an den Produkten erkennt, die auf dem Markt eine f\u00fchrende Stellung einnehmen.<\/p>\n<p>Das in Saint-Etienne ans\u00e4ssige Unternehmen z\u00e4hlt heute knapp 90\u00a0Mitarbeiter und erzielt einen Umsatz von rund 11\u00a0Millionen Euro.<\/p>\n<div class=\"row\"><div class=\"col-sm-6\">\n<p><img loading=\"lazy\" decoding=\"async\" class=\"alignnone wp-image-923 \" src=\"https:\/\/www.sileane.com\/wp-content\/uploads\/2018\/12\/ronde-collaboratif.png\" alt=\"\" width=\"304\" height=\"304\" srcset=\"https:\/\/www.sileane.com\/wp-content\/uploads\/2018\/12\/ronde-collaboratif.png 332w, https:\/\/www.sileane.com\/wp-content\/uploads\/2018\/12\/ronde-collaboratif-300x300.png 300w\" sizes=\"auto, (max-width: 304px) 100vw, 304px\" \/><\/p>\n<\/div><div class=\"col-sm-6\">\n<h2><strong>Unser Team<\/strong><\/h2>\n<h4>Frauen und M\u00e4nner voller Ideen!<\/h4>\n<address>80\u00a0% sind Ingenieure mit gro\u00dfem Einfallsreichtum und einem Durchschnittsalter von 29\u00a0Jahren! Unser Motto: Dienstleistungsorientiert, mit gro\u00dfem Einsatzwillen und Begeisterung f\u00fcr die Arbeit. Die Frauen und M\u00e4nner, die f\u00fcr unser Unternehmen arbeiten, sind offen und gr\u00fcndlich und haben sich, basierend auf einer Kultur, die ganz nah an den Anforderungen im Feld dran ist, entschlossen der Robotik der Zukunft verschrieben.\u00a0 Bei der Bearbeitung Ihrer Projekte gehen sie angemessen und pragmatisch vor. Ihre Zielsetzung besteht darin, Ihnen unter Einhaltung Ihrer Vorgaben eine L\u00f6sung oder einen in Bezug auf die Kapitalrendite positive Dienste bereitzustellen und Ihnen somit immer optimale Resultate bieten zu k\u00f6nnen.<\/address>\n<\/div><\/div>\n<div class=\"row\"><div class=\"col-sm-6\">\n<h2><strong>Sil\u00e9ane: Die Ideenschmiede<\/strong><\/h2>\n<h4>Einfache L\u00f6sungen f\u00fcr komplexe Probleme<\/h4>\n<address>Wir bewegen uns diskret und mit sicheren Schritten in die Zukunft und sind f\u00fcr unsere F\u00e4higkeit, \u201eanders zu denken\u201c und mit herk\u00f6mmlichen Konzepten zu brechen bekannt, ohne dabei die konkrete Problemstellung und die industriellen Anforderungen aus den Augen zu verlieren. H\u00e4ufig gibt es nicht die eine, sondern verschiedene L\u00f6sungen. Es ist uns gelungen, unsere Erfahrungen in Fachwissen und Know-how umzum\u00fcnzen, das unsere Ingenieure in ihren Kerngebieten (Roboter, Greifvorg\u00e4nge, Optik&#8230;) nutzen, damit Ihre individuelle L\u00f6sung zuverl\u00e4ssig, pr\u00e4zise und z\u00fcgig funktioniert und dabei stets den kleinstm\u00f6glichen Wartungsaufwand erzeugen und m\u00f6glichst wenig Peripherie ben\u00f6tigen.<\/address>\n<\/div><div class=\"col-sm-6\">\n<p><img loading=\"lazy\" decoding=\"async\" class=\"alignnone wp-image-926 \" src=\"https:\/\/www.sileane.com\/wp-content\/uploads\/2018\/12\/ronde-idee.png\" alt=\"\" width=\"311\" height=\"311\" srcset=\"https:\/\/www.sileane.com\/wp-content\/uploads\/2018\/12\/ronde-idee.png 332w, https:\/\/www.sileane.com\/wp-content\/uploads\/2018\/12\/ronde-idee-300x300.png 300w\" sizes=\"auto, (max-width: 311px) 100vw, 311px\" \/><\/p>\n<\/div><\/div>\n<h2><strong>Sehen Sie sich das Video an, um mehr \u00fcber Sil\u00e9ane zu erfahren<\/strong><\/h2>\n<p><iframe loading=\"lazy\" title=\"Sil\u00e9ane - General video\" width=\"500\" height=\"281\" src=\"https:\/\/www.youtube.com\/embed\/XkmecOiuFSU?feature=oembed\" frameborder=\"0\" allow=\"accelerometer; autoplay; clipboard-write; encrypted-media; gyroscope; picture-in-picture; web-share\" referrerpolicy=\"strict-origin-when-cross-origin\" allowfullscreen><\/iframe><\/p>\n","protected":false},"excerpt":{"rendered":"<p>Sil\u00e9ane Die Frauen und M\u00e4nner bei Sil\u00e9ane verleihen \u201ejungfr\u00e4ulichen\u201c Roboterarmen im Dienst der Kunden seit 2002 Augen und H\u00e4nde und statten sie mit analytischen Fertigkeiten f\u00fcr unterschiedlichste industrielle Anwendungen aus (Lebensmittelverarbeitung, pharmazeutische Industrie, Home &amp;&hellip;<\/p>\n","protected":false},"author":264,"featured_media":0,"parent":0,"menu_order":0,"comment_status":"closed","ping_status":"closed","template":"page-large.php","meta":{"_acf_changed":false,"inline_featured_image":false,"footnotes":""},"class_list":{"1":"page","4":"hentry"},"acf":[],"yoast_head":"<!-- This site is optimized with the Yoast SEO plugin v27.5 - https:\/\/yoast.com\/product\/yoast-seo-wordpress\/ -->\n<title>Alles \u00fcber die Sil\u00e9ane-Gruppe - Sil\u00e9ane<\/title>\n<meta name=\"robots\" content=\"index, follow, max-snippet:-1, max-image-preview:large, max-video-preview:-1\" \/>\n<link rel=\"canonical\" href=\"https:\/\/www.sileane.com\/de\/a-propos-de-sileane\/\" \/>\n<meta property=\"og:locale\" content=\"de_DE\" \/>\n<meta property=\"og:type\" content=\"article\" \/>\n<meta property=\"og:title\" content=\"Alles \u00fcber die Sil\u00e9ane-Gruppe - Sil\u00e9ane\" \/>\n<meta property=\"og:description\" content=\"Sil\u00e9ane Die Frauen und M\u00e4nner bei Sil\u00e9ane verleihen \u201ejungfr\u00e4ulichen\u201c Roboterarmen im Dienst der Kunden seit 2002 Augen und H\u00e4nde und statten sie mit analytischen Fertigkeiten f\u00fcr unterschiedlichste industrielle Anwendungen aus (Lebensmittelverarbeitung, pharmazeutische Industrie, Home &amp;&hellip;\" \/>\n<meta property=\"og:url\" content=\"https:\/\/www.sileane.com\/de\/a-propos-de-sileane\/\" \/>\n<meta property=\"og:site_name\" content=\"Sil\u00e9ane\" \/>\n<meta property=\"article:modified_time\" content=\"2026-01-22T15:10:18+00:00\" \/>\n<meta property=\"og:image\" content=\"https:\/\/www.sileane.com\/wp-content\/uploads\/2018\/12\/batiment-sileane-e1544260978423.png\" \/>\n\t<meta property=\"og:image:width\" content=\"1920\" \/>\n\t<meta property=\"og:image:height\" content=\"821\" \/>\n\t<meta property=\"og:image:type\" content=\"image\/png\" \/>\n<meta name=\"twitter:card\" content=\"summary_large_image\" \/>\n<meta name=\"twitter:label1\" content=\"Est. reading time\" \/>\n\t<meta name=\"twitter:data1\" content=\"3 minutes\" \/>\n<!-- \/ Yoast SEO plugin. -->","yoast_head_json":{"title":"Alles \u00fcber die Sil\u00e9ane-Gruppe - Sil\u00e9ane","robots":{"index":"index","follow":"follow","max-snippet":"max-snippet:-1","max-image-preview":"max-image-preview:large","max-video-preview":"max-video-preview:-1"},"canonical":"https:\/\/www.sileane.com\/de\/a-propos-de-sileane\/","og_locale":"de_DE","og_type":"article","og_title":"Alles \u00fcber die Sil\u00e9ane-Gruppe - Sil\u00e9ane","og_description":"Sil\u00e9ane Die Frauen und M\u00e4nner bei Sil\u00e9ane verleihen \u201ejungfr\u00e4ulichen\u201c Roboterarmen im Dienst der Kunden seit 2002 Augen und H\u00e4nde und statten sie mit analytischen Fertigkeiten f\u00fcr unterschiedlichste industrielle Anwendungen aus (Lebensmittelverarbeitung, pharmazeutische Industrie, Home &amp;&hellip;","og_url":"https:\/\/www.sileane.com\/de\/a-propos-de-sileane\/","og_site_name":"Sil\u00e9ane","article_modified_time":"2026-01-22T15:10:18+00:00","og_image":[{"width":1920,"height":821,"url":"https:\/\/www.sileane.com\/wp-content\/uploads\/2018\/12\/batiment-sileane-e1544260978423.png","type":"image\/png"}],"twitter_card":"summary_large_image","twitter_misc":{"Est. reading time":"3 minutes"},"schema":{"@context":"https:\/\/schema.org","@graph":[{"@type":"WebPage","@id":"https:\/\/www.sileane.com\/de\/a-propos-de-sileane\/","url":"https:\/\/www.sileane.com\/de\/a-propos-de-sileane\/","name":"Alles \u00fcber die Sil\u00e9ane-Gruppe - Sil\u00e9ane","isPartOf":{"@id":"https:\/\/www.sileane.com\/de\/#website"},"primaryImageOfPage":{"@id":"https:\/\/www.sileane.com\/de\/a-propos-de-sileane\/#primaryimage"},"image":{"@id":"https:\/\/www.sileane.com\/de\/a-propos-de-sileane\/#primaryimage"},"thumbnailUrl":"https:\/\/www.sileane.com\/wp-content\/uploads\/2018\/12\/batiment-sileane-e1544260978423-338x144.png","datePublished":"2018-08-01T07:06:46+00:00","dateModified":"2026-01-22T15:10:18+00:00","breadcrumb":{"@id":"https:\/\/www.sileane.com\/de\/a-propos-de-sileane\/#breadcrumb"},"inLanguage":"de-DE","potentialAction":[{"@type":"ReadAction","target":["https:\/\/www.sileane.com\/de\/a-propos-de-sileane\/"]}]},{"@type":"ImageObject","inLanguage":"de-DE","@id":"https:\/\/www.sileane.com\/de\/a-propos-de-sileane\/#primaryimage","url":"https:\/\/www.sileane.com\/wp-content\/uploads\/2018\/12\/batiment-sileane-e1544260978423-338x144.png","contentUrl":"https:\/\/www.sileane.com\/wp-content\/uploads\/2018\/12\/batiment-sileane-e1544260978423-338x144.png"},{"@type":"BreadcrumbList","@id":"https:\/\/www.sileane.com\/de\/a-propos-de-sileane\/#breadcrumb","itemListElement":[{"@type":"ListItem","position":1,"name":"Accueil","item":"https:\/\/www.sileane.com\/de\/"},{"@type":"ListItem","position":2,"name":"Alles \u00fcber die Sil\u00e9ane-Gruppe"}]},{"@type":"WebSite","@id":"https:\/\/www.sileane.com\/de\/#website","url":"https:\/\/www.sileane.com\/de\/","name":"Sil\u00e9ane","description":"Sp\u00e9cialistes de ROBOTIQUE, VISION et INTELLIGENCE ARTIFICIELLE, nous construisons des machines pour automatiser le geste en contexte al\u00e9atoire ou inconnu.","potentialAction":[{"@type":"SearchAction","target":{"@type":"EntryPoint","urlTemplate":"https:\/\/www.sileane.com\/de\/?s={search_term_string}"},"query-input":{"@type":"PropertyValueSpecification","valueRequired":true,"valueName":"search_term_string"}}],"inLanguage":"de-DE"}]}},"_links":{"self":[{"href":"https:\/\/www.sileane.com\/de\/wp-json\/wp\/v2\/pages\/1112","targetHints":{"allow":["GET"]}}],"collection":[{"href":"https:\/\/www.sileane.com\/de\/wp-json\/wp\/v2\/pages"}],"about":[{"href":"https:\/\/www.sileane.com\/de\/wp-json\/wp\/v2\/types\/page"}],"author":[{"embeddable":true,"href":"https:\/\/www.sileane.com\/de\/wp-json\/wp\/v2\/users\/264"}],"replies":[{"embeddable":true,"href":"https:\/\/www.sileane.com\/de\/wp-json\/wp\/v2\/comments?post=1112"}],"version-history":[{"count":8,"href":"https:\/\/www.sileane.com\/de\/wp-json\/wp\/v2\/pages\/1112\/revisions"}],"predecessor-version":[{"id":5342,"href":"https:\/\/www.sileane.com\/de\/wp-json\/wp\/v2\/pages\/1112\/revisions\/5342"}],"wp:attachment":[{"href":"https:\/\/www.sileane.com\/de\/wp-json\/wp\/v2\/media?parent=1112"}],"curies":[{"name":"wp","href":"https:\/\/api.w.org\/{rel}","templated":true}]}}