{"id":1116,"date":"2018-12-28T17:05:10","date_gmt":"2018-12-28T16:05:10","guid":{"rendered":"https:\/\/www.sileane.com\/?page_id=1116"},"modified":"2019-03-04T23:07:35","modified_gmt":"2019-03-04T22:07:35","slug":"temoignages-3","status":"publish","type":"page","link":"https:\/\/www.sileane.com\/de\/temoignages-3\/","title":{"rendered":"Die Meinung unserer Kunden"},"content":{"rendered":"<div class=\"filtres-tem\"><span class=\"btn btn-cta current\" data-filter=\"*\">All<\/span><span class=\"btn btn-cta\" data-filter=\"type-66\">1- Agrar, Pharma &amp; Kosmetik<\/span><span class=\"btn btn-cta\" data-filter=\"type-72\">2 - Mikrotechnik<\/span><span class=\"btn btn-cta\" data-filter=\"type-78\">3 - Automobilbau, Maschinenbau &amp; Kunststoffverarbeitung<\/span><span class=\"btn btn-cta\" data-filter=\"type-86\">5 - Glas &amp; Duftstoffe<\/span><span class=\"btn btn-cta\" data-filter=\"type-90\">6 - Logistik<\/span><span class=\"btn btn-cta\" data-filter=\"type-94\">7 - Umwelt &amp; Recycling<\/span><\/div><div class=\"liste-tem narrow\"><div class=\"ref type-66 type-72 type-78 type-86 type-90 type-94\"><h2 class=\"title h4\"><\/h2><div class=\"entry-content\"><p>Ich sch\u00e4tze das Sil\u00e9ane-Team insbesondere deshalb, weil sie wissen, wie sich industrielle Herausforderungen meistern lassen, und weil sie an den Erfolg eines Projekts glauben, selbst wenn dieses sehr komplex ist!<\/p>\n<\/div><div class=\"auteur\"><strong>Mr. B.<\/strong> <span>Produktionsleiter eines K\u00e4seproduzenten<\/span><\/div><\/div><div class=\"ref type-78\"><h2 class=\"title h4\"><\/h2><div class=\"entry-content\"><p>Eine erste und f\u00fcr uns neue Erfahrung, die uns die M\u00f6glichkeit gibt, vorherzusagen, ob die Ausweitung dieses Systems auf andere Anwendungsbereiche m\u00f6glich ist oder nicht. Dar\u00fcber hinaus sind wir mit dem Funktionieren dieser Zelle und der Zusammenarbeit mit dem Team von Sil\u00e9ane wirklich sehr zufrieden.<\/p>\n<\/div><div class=\"auteur\"><strong>M. D & J. F.<\/strong> <span>PSA-Konzern<\/span><\/div><\/div><div class=\"ref type-66\"><h2 class=\"title h4\"><\/h2><div class=\"entry-content\"><p>Ich arbeite vor allem aus einem Grund besonders gerne mit Sil\u00e9ane zusammen und das ist ihre F\u00e4higkeit, sich einem industriellen Problem mit einer v\u00f6llig unvoreingenommenen Perspektive zu n\u00e4hern und dabei insbesondere ganz einfache logische Ans\u00e4tze zu w\u00e4hlen. Dieses Unternehmen verf\u00fcgt \u00fcber eine stark ausgepr\u00e4gte Innovationskraft. Die Mitarbeiter haben ein offenes Ohr f\u00fcr die Problemstellungen der Kunden und wissen darauf die richtigen Antworten zu finden.<\/p>\n<\/div><div class=\"auteur\"><strong>Herr P. M.<\/strong> <span>Leiter Industrie bei einem Spezialunternehmen f\u00fcr Trockenfr\u00fcchte<\/span><\/div><\/div><div class=\"ref type-66\"><h2 class=\"title h4\"><\/h2><div class=\"entry-content\"><p>Wir haben zun\u00e4chst einige Tests durchgef\u00fchrt und waren sofort davon \u00fcberzeugt, dass Sil\u00e9ane \u00fcber die Kompetenzen verf\u00fcgt, die richtigen L\u00f6sungen f\u00fcr unsere Anforderungen zu finden. Wir haben dann einen ersten Roboter in unsere Produktionslinie integriert. In einer einj\u00e4hrigen Testphase haben wir den Roboter parallel zu unseren eigenen Robotern betrieben. Diese befanden sich zu dem Zeitpunkt allerdings bereits am Ende ihrer Nutzungsdauer. Nach den positiven Erfahrungen, die wir gemacht haben \u2013 hohe Verl\u00e4sslichkeit im technischen Bereich und bei der Entnahme, relativ niedrige Wartungskosten, stark verringerte Bruchrate der bef\u00f6rderten Artikel \u2013 wurden f\u00fcnf weitere Roboter erworben und installiert. <\/p>\n<\/div><div class=\"auteur\"><strong>M. C.<\/strong> <span>Gesch\u00e4ftsf\u00fchrer einer Keksfabrik<\/span><\/div><\/div><div class=\"ref type-66\"><h2 class=\"title h4\"><\/h2><div class=\"entry-content\"><p>F\u00fcr die Leute von Sil\u00e9ane ist nichts unm\u00f6glich. Die Mitarbeiter dieses mittelst\u00e4ndischen Unternehmens haben immer sehr schnell und positiv auf alle unsere Anfragen reagiert und uns, zuletzt dieses Jahr, bei der Entwicklung von Robotern unterst\u00fctzt, mit denen sich unsere Verpackungen anpassen und schnell und unproblematisch von der Wabenverpackung unserer Produkte auf einen Flowpacker umstellen lassen.\u201c<\/p>\n<\/div><div class=\"auteur\"><strong>M. R.<\/strong> <span>Gesch\u00e4ftsf\u00fchrer eines S\u00fc\u00dfwarenherstellers<\/span><\/div><\/div><\/div>\n","protected":false},"excerpt":{"rendered":"<p>F\u00fcr die Leute von Sil\u00e9ane ist nichts unm\u00f6glich. Die Mitarbeiter dieses mittelst\u00e4ndischen Unternehmens haben immer sehr schnell und positiv auf alle unsere Anfragen reagiert und uns, zuletzt dieses Jahr, bei der Entwicklung von Robotern unterst\u00fctzt,&hellip;<\/p>\n","protected":false},"author":264,"featured_media":0,"parent":0,"menu_order":0,"comment_status":"closed","ping_status":"closed","template":"page-large.php","meta":{"_acf_changed":false,"inline_featured_image":false,"footnotes":""},"class_list":{"1":"page","4":"hentry"},"acf":[],"yoast_head":"<!-- This site is optimized with the Yoast SEO plugin v27.5 - https:\/\/yoast.com\/product\/yoast-seo-wordpress\/ -->\n<title>Die Meinung unserer Kunden - Sil\u00e9ane<\/title>\n<meta name=\"robots\" content=\"index, follow, max-snippet:-1, max-image-preview:large, max-video-preview:-1\" \/>\n<link rel=\"canonical\" href=\"https:\/\/www.sileane.com\/de\/temoignages-3\/\" \/>\n<meta property=\"og:locale\" content=\"de_DE\" \/>\n<meta property=\"og:type\" content=\"article\" \/>\n<meta property=\"og:title\" content=\"Die Meinung unserer Kunden - Sil\u00e9ane\" \/>\n<meta property=\"og:url\" content=\"https:\/\/www.sileane.com\/de\/temoignages-3\/\" \/>\n<meta property=\"og:site_name\" content=\"Sil\u00e9ane\" \/>\n<meta property=\"article:modified_time\" content=\"2019-03-04T22:07:35+00:00\" \/>\n<meta name=\"twitter:card\" content=\"summary_large_image\" \/>\n<!-- \/ Yoast SEO plugin. -->","yoast_head_json":{"title":"Die Meinung unserer Kunden - Sil\u00e9ane","robots":{"index":"index","follow":"follow","max-snippet":"max-snippet:-1","max-image-preview":"max-image-preview:large","max-video-preview":"max-video-preview:-1"},"canonical":"https:\/\/www.sileane.com\/de\/temoignages-3\/","og_locale":"de_DE","og_type":"article","og_title":"Die Meinung unserer Kunden - Sil\u00e9ane","og_url":"https:\/\/www.sileane.com\/de\/temoignages-3\/","og_site_name":"Sil\u00e9ane","article_modified_time":"2019-03-04T22:07:35+00:00","twitter_card":"summary_large_image","schema":{"@context":"https:\/\/schema.org","@graph":[{"@type":"WebPage","@id":"https:\/\/www.sileane.com\/de\/temoignages-3\/","url":"https:\/\/www.sileane.com\/de\/temoignages-3\/","name":"Die Meinung unserer Kunden - Sil\u00e9ane","isPartOf":{"@id":"https:\/\/www.sileane.com\/de\/#website"},"datePublished":"2018-12-28T16:05:10+00:00","dateModified":"2019-03-04T22:07:35+00:00","breadcrumb":{"@id":"https:\/\/www.sileane.com\/de\/temoignages-3\/#breadcrumb"},"inLanguage":"de-DE","potentialAction":[{"@type":"ReadAction","target":["https:\/\/www.sileane.com\/de\/temoignages-3\/"]}]},{"@type":"BreadcrumbList","@id":"https:\/\/www.sileane.com\/de\/temoignages-3\/#breadcrumb","itemListElement":[{"@type":"ListItem","position":1,"name":"Accueil","item":"https:\/\/www.sileane.com\/de\/"},{"@type":"ListItem","position":2,"name":"Die Meinung unserer Kunden"}]},{"@type":"WebSite","@id":"https:\/\/www.sileane.com\/de\/#website","url":"https:\/\/www.sileane.com\/de\/","name":"Sil\u00e9ane","description":"Sp\u00e9cialistes de ROBOTIQUE, VISION et INTELLIGENCE ARTIFICIELLE, nous construisons des machines pour automatiser le geste en contexte al\u00e9atoire ou inconnu.","potentialAction":[{"@type":"SearchAction","target":{"@type":"EntryPoint","urlTemplate":"https:\/\/www.sileane.com\/de\/?s={search_term_string}"},"query-input":{"@type":"PropertyValueSpecification","valueRequired":true,"valueName":"search_term_string"}}],"inLanguage":"de-DE"}]}},"_links":{"self":[{"href":"https:\/\/www.sileane.com\/de\/wp-json\/wp\/v2\/pages\/1116","targetHints":{"allow":["GET"]}}],"collection":[{"href":"https:\/\/www.sileane.com\/de\/wp-json\/wp\/v2\/pages"}],"about":[{"href":"https:\/\/www.sileane.com\/de\/wp-json\/wp\/v2\/types\/page"}],"author":[{"embeddable":true,"href":"https:\/\/www.sileane.com\/de\/wp-json\/wp\/v2\/users\/264"}],"replies":[{"embeddable":true,"href":"https:\/\/www.sileane.com\/de\/wp-json\/wp\/v2\/comments?post=1116"}],"version-history":[{"count":3,"href":"https:\/\/www.sileane.com\/de\/wp-json\/wp\/v2\/pages\/1116\/revisions"}],"predecessor-version":[{"id":1630,"href":"https:\/\/www.sileane.com\/de\/wp-json\/wp\/v2\/pages\/1116\/revisions\/1630"}],"wp:attachment":[{"href":"https:\/\/www.sileane.com\/de\/wp-json\/wp\/v2\/media?parent=1116"}],"curies":[{"name":"wp","href":"https:\/\/api.w.org\/{rel}","templated":true}]}}